{"id":13628,"date":"2021-05-30T12:39:32","date_gmt":"2021-05-30T12:39:32","guid":{"rendered":"http:\/\/www.lattascoffee.com\/?page_id=13628"},"modified":"2021-05-30T12:40:42","modified_gmt":"2021-05-30T12:40:42","slug":"gizlilik-ilkeleri","status":"publish","type":"page","link":"https:\/\/www.lattascoffee.com\/index.php\/gizlilik-ilkeleri\/","title":{"rendered":"Gizlilik \u0130lkeleri"},"content":{"rendered":"\n<p><strong>K\u0130\u015e\u0130SEL VER\u0130LER\u0130N \u0130\u015eLENMES\u0130NE \u0130L\u0130\u015eK\u0130N AYDINLATMA METN\u0130<\/strong><\/p>\n\n\n\n<ol class=\"wp-block-list\"><li><strong>Veri Sorumlusu ve Temsilcisi:<\/strong><\/li><\/ol>\n\n\n\n<p>6698 say\u0131l\u0131 Ki\u015fisel Verilerin Korunmas\u0131 Kanunu uyar\u0131nca, ki\u015fisel verileriniz; veri sorumlusu olarak\u00a0<strong>MERODDI TUR\u0130ZM VE OTELC\u0130L\u0130K ANON\u0130M \u015e\u0130RKET\u0130\u00a0<\/strong>(\u201c\u015eirketimiz\u201d) taraf\u0131ndan a\u015fa\u011f\u0131da a\u00e7\u0131klanan kapsamda<\/p>\n\n\n\n<ul class=\"wp-block-list\"><li>Ki\u015fisel verileri hukuka ve d\u00fcr\u00fcstl\u00fck kurallar\u0131na uygun i\u015fleme,<\/li><li>Ki\u015fisel verileri do\u011fru ve gerekti\u011finde g\u00fcncel tutma,&nbsp;<\/li><li>Ki\u015fisel verileri belirli, a\u00e7\u0131k ve me\u015fru ama\u00e7lar i\u00e7in i\u015fleme,&nbsp;<\/li><li>Ki\u015fisel verileri i\u015flendikleri ama\u00e7la ba\u011flant\u0131l\u0131, s\u0131n\u0131rl\u0131 ve \u00f6l\u00e7\u00fcl\u00fc i\u015fleme,&nbsp;<\/li><li>Ki\u015fisel verileri ilgili mevzuatta \u00f6ng\u00f6r\u00fclen veya i\u015flendikleri ama\u00e7 i\u00e7in gerekli olan s\u00fcre kadar muhafaza etme,&nbsp;<\/li><li>Ki\u015fisel veri sahiplerini ayd\u0131nlatma ve bilgilendirme,&nbsp;<\/li><li>Ki\u015fisel veri sahiplerinin haklar\u0131n\u0131 kullanmas\u0131 i\u00e7in gerekli sistemi kurma,<\/li><li>Ki\u015fisel verilerin muhafazas\u0131nda gerekli tedbirleri alma,&nbsp;<\/li><li>Ki\u015fisel verilerin i\u015fleme amac\u0131n\u0131n gereklilikleri do\u011frultusunda \u00fc\u00e7\u00fcnc\u00fc ki\u015filere aktar\u0131lmas\u0131nda, ilgili mevzuata ve KVK Kurulu d\u00fczenlemelerine uygun davranma,&nbsp;<\/li><li>Ki\u015fisel verileri yasaya uygun olarak tan\u0131ml\u0131 \u015fekil ve s\u00fcrede silme ve imha etme<\/li><\/ul>\n\n\n\n<p>\u0130\u015flenebilecektir.<\/p>\n\n\n\n<ol class=\"wp-block-list\"><li><strong>Ki\u015fisel Verilerin \u0130\u015flenme Amac\u0131:<\/strong><\/li><\/ol>\n\n\n\n<p>Toplanan ki\u015fisel veriler,<\/p>\n\n\n\n<ol class=\"wp-block-list\"><li>\u015eirketimiz taraf\u0131ndan sunulan \u00fcr\u00fcn ve hizmetlerin sizlerin be\u011feni, kullan\u0131m al\u0131\u015fkanl\u0131klar\u0131 ve ihtiya\u00e7lar\u0131na g\u00f6re \u00f6zelle\u015ftirilerek sizlere \u00f6nerilmesi;<\/li><li>\u015eirketimiz taraf\u0131ndan sunulan \u00fcr\u00fcn ve hizmetlerden sizleri faydaland\u0131rmak i\u00e7in gerekli \u00e7al\u0131\u015fmalar\u0131n i\u015f birimleri taraf\u0131ndan yap\u0131lmas\u0131;<\/li><li>\u015eirketimiz ile i\u015f ili\u015fkisinde olan ki\u015filerin hukuki ve ticari g\u00fcvenliklerinin sa\u011flanmas\u0131;<\/li><li>\u015eirketimizin ticari ve i\u015f stratejilerinin tespiti, belirlenmesi ve uygulanmas\u0131;<\/li><li>\u015eirketimizin ticari itibar\u0131n\u0131n ve olu\u015fturdu\u011fu g\u00fcvenin korunmas\u0131 ama\u00e7lar\u0131yla,<\/li><li>\u015eirketimizin ticari faaliyetlerini y\u00fcr\u00fctmek \u00e7er\u00e7evesinde<\/li><\/ol>\n\n\n\n<p>KVK Kanunu\u2019nun 5. ve 6. maddelerinde belirtilen ki\u015fisel veri i\u015fleme \u015fartlar\u0131 ve ama\u00e7lar\u0131 dahilinde i\u015flenecektir.<\/p>\n\n\n\n<ul class=\"wp-block-list\"><li><strong>\u0130\u015flenen Ki\u015fisel Verilerin Kimlere ve Hangi Ama\u00e7la Aktar\u0131labilece\u011fi<\/strong><\/li><\/ul>\n\n\n\n<p>Ki\u015fisel verileriniz, yukar\u0131da say\u0131lan ama\u00e7larla; denetleyici ve d\u00fczenleyici makamlar, ilgili kamu kurulu\u015flar\u0131, meslek kurulu\u015flar\u0131 ve benzeri kurulu\u015flar ile T\u00fcrk Ticaret Kanunu, ilgili di\u011fer mevzuat h\u00fck\u00fcmlerinin izin verdi\u011fi ki\u015fi veya kurulu\u015flara, hukuki yetkisi dahilinde talep etti\u011fi ama\u00e7la s\u0131n\u0131rl\u0131 olarak hukuken yetkili kamu ve\/veya \u00f6zel hukuk t\u00fczel ki\u015filerine, dan\u0131\u015fmanlar\u0131m\u0131za, denet\u00e7ilerimize ve\/veya hizmet sa\u011flay\u0131c\u0131lar\u0131m\u0131za 6698 say\u0131l\u0131 Kanun\u2019un 8. ve 9. maddelerinde belirtilen ki\u015fisel veri i\u015fleme \u015fartlar\u0131 ve ama\u00e7lar\u0131 \u00e7er\u00e7evesinde aktar\u0131labilecektir.<\/p>\n\n\n\n<p>Ki\u015fisel verilerinizin 3. Ki\u015filerle payla\u015f\u0131lmas\u0131 halinde gerekli g\u00fcvenlik \u00f6nlemleri al\u0131nmaktad\u0131r.<\/p>\n\n\n\n<ol class=\"wp-block-list\"><li><strong>Ki\u015fisel Veri Toplaman\u0131n Y\u00f6ntemi ve Hukuki Sebebi:<\/strong><\/li><\/ol>\n\n\n\n<p>Ki\u015fisel verileriniz, \u015eirketimiz taraf\u0131ndan her t\u00fcrl\u00fc s\u00f6zl\u00fc, yaz\u0131l\u0131 ya da elektronik ortamda, yukar\u0131da yer verilen ama\u00e7lar do\u011frultusunda; sunulan \u00fcr\u00fcn ile hizmetleri sa\u011flamak, geli\u015ftirmek ve ticari faaliyetlerimizi y\u00fcr\u00fctmek ve bu kapsamda \u015eirketimizin s\u00f6zle\u015fme ve yasadan do\u011fan mesuliyetlerini eksiksiz ve do\u011fru bir \u015fekilde yerine getirebilmek amac\u0131yla toplan\u0131r. Ayd\u0131nlatma Metinimizde a\u00e7\u0131klanan buna ili\u015fkin \u00e7e\u015fitli y\u00f6ntemler anketler, \u0130nternet siteleri, \u00e7al\u0131\u015fanlar ve temsilcilikler, mobil uygulamalar ve bu gibi benzeri kanallar arac\u0131l\u0131\u011f\u0131yla ve de\u011fi\u015fik hukuki sebeplerle toplanan verileriniz, KVKK\u2019nun 5 ve 6 numaral\u0131 maddelerinde listelenen \u015fartlar ve ama\u00e7lar kapsam\u0131nda, bu metnin (II) ve (III) numaralar\u0131 maddelerinde belirtilen ama\u00e7larla i\u015flenebilmekte ve aktar\u0131labilmektedir.<\/p>\n\n\n\n<ol class=\"wp-block-list\" start=\"11\"><li><strong>Ki\u015fisel Veri Sahibinin KVK Kanunu\u2019nun 11. Maddesinde Say\u0131lan Haklar\u0131:<\/strong><\/li><\/ol>\n\n\n\n<p>Bu kapsamda ki\u015fisel veri sahipleri;<\/p>\n\n\n\n<ol class=\"wp-block-list\"><li>Ki\u015fisel veri i\u015flenip i\u015flenmedi\u011fini \u00f6\u011frenme,<\/li><li>Ki\u015fisel verileri i\u015flenmi\u015fse buna ili\u015fkin bilgi talep etme,<\/li><li>Ki\u015fisel verilerin i\u015flenme amac\u0131n\u0131 ve bunlar\u0131n amac\u0131na uygun kullan\u0131l\u0131p kullan\u0131lmad\u0131\u011f\u0131n\u0131 \u00f6\u011frenme,<\/li><li>Yurt i\u00e7inde veya yurt d\u0131\u015f\u0131nda ki\u015fisel verilerin aktar\u0131ld\u0131\u011f\u0131 \u00fc\u00e7\u00fcnc\u00fc ki\u015fileri bilme,<\/li><li>Ki\u015fisel verilerin eksik veya yanl\u0131\u015f i\u015flenmi\u015f olmas\u0131 h\u00e2linde bunlar\u0131n d\u00fczeltilmesini isteme,<\/li><li>Kanun\u2019un 7. maddesinde \u00f6ng\u00f6r\u00fclen \u015fartlar \u00e7er\u00e7evesinde ki\u015fisel verilerin silinmesini veya yok edilmesini isteme,<\/li><li>5 ve 6 numaral\u0131 maddeler uyar\u0131nca yap\u0131lan i\u015flemlerin ki\u015fisel verilerin aktar\u0131ld\u0131\u011f\u0131 \u00fc\u00e7\u00fcnc\u00fc ki\u015filere bildirilmesini isteme,<\/li><li>\u0130\u015flenen verilerin m\u00fcnhas\u0131ran otomatik sistemler vas\u0131tas\u0131yla analiz edilmesi suretiyle ki\u015finin kendisi aleyhine bir sonucun ortaya \u00e7\u0131kmas\u0131na itiraz etme,<\/li><li>Ki\u015fisel verilerin kanuna ayk\u0131r\u0131 olarak i\u015flenmesi sebebiyle zarara u\u011framas\u0131 h\u00e2linde zarar\u0131n giderilmesini talep etme haklar\u0131na sahiptir.<\/li><\/ol>\n\n\n\n<ol class=\"wp-block-list\"><li><strong>Veri G\u00fcvenli\u011fi:<\/strong><\/li><\/ol>\n\n\n\n<p><strong><strong>MERODDI TUR\u0130ZM VE OTELC\u0130L\u0130K ANON\u0130M \u015e\u0130RKET\u0130\u00a0<\/strong><\/strong>ki\u015fisel verilerinizi bilgi g\u00fcvenli\u011fi standartlar\u0131 ve prosed\u00fcrleri gere\u011fince al\u0131nmas\u0131 gereken t\u00fcm teknik ve idari g\u00fcvenlik kontrollerine tam uygunlukla korumaktad\u0131r. S\u00f6z konusu g\u00fcvenlik tedbirleri, teknolojik imk\u00e2nlar da g\u00f6z \u00f6n\u00fcnde bulundurularak muhtemel riske uygun bir d\u00fczeyde sa\u011flanmaktad\u0131r.<\/p>\n\n\n\n<ul class=\"wp-block-list\"><li><strong>\u015eik\u00e2yet ve \u0130leti\u015fim;<\/strong><\/li><\/ul>\n\n\n\n<p>Ki\u015fisel verileriniz teknik ve idari imk\u00e2nlar d\u00e2hilinde titizlikle korunmakta ve gerekli g\u00fcvenlik tedbirleri, teknolojik imk\u00e2nlar da g\u00f6z \u00f6n\u00fcnde bulundurularak olas\u0131 risklere uygun bir d\u00fczeyde sa\u011flanmaktad\u0131r. KVKK\u2019nun 13. maddesinin 1. f\u0131kras\u0131 gere\u011fince, yukar\u0131da belirtilen haklar\u0131n\u0131z\u0131n kullan\u0131m\u0131na ili\u015fkin taleplerinizi, \u015eirketimize yaz\u0131l\u0131 olarak veya Kurulun belirleyece\u011fi di\u011fer y\u00f6ntemlerle taraf\u0131m\u0131za iletebilirsiniz. Ki\u015fisel Verileri Koruma Kurulu taraf\u0131ndan yeni ba\u015fvuru y\u00f6ntemleri belirlenmesi halinde, bu y\u00f6ntemler \u015eirketimiz taraf\u0131ndan duyurulacakt\u0131r Kanun kapsam\u0131ndaki taleplerinizi,&nbsp;<a href=\"http:\/\/www.atlasofset.com.tr\/KVKK\/KVKK%20Bilgi%20Talep%20Formu.pdf\">Bilgi Talep Formu.pdf<\/a>&nbsp;&nbsp;web adresindeki \u201cKi\u015fisel Verilerin Korunmas\u0131 Kanunu Uyar\u0131nca Ba\u015fvuru Formu\u201d nu doldurarak;<\/p>\n\n\n\n<ul class=\"wp-block-list\"><li>MECIDIYEK\u00d6Y MAH. ATAKAN SK. NO: 14 A SISLI\/ ISTANBUL adresine kargo ile \u0131slak imzan\u0131z\u0131 ta\u015f\u0131yan bir dilek\u00e7e ile \u201cHukuk\u201d departman\u0131 dikkatine Zarf\u0131na \u201cKi\u015fisel Verilerin Korunmas\u0131 Kanunu Kapsam\u0131nda Bilgi Talebi\u201d yaz\u0131larak g\u00f6nderebilirsiniz,<\/li><li>Noter kanal\u0131yla g\u00f6nderebilir,<\/li><li><a href=\"mailto:hi@lattascoffee.com\" data-type=\"mailto\" data-id=\"mailto:hi@lattascoffee.com\">hi@lattascoffee.com <\/a>adresine g\u00fcvenli elektronik ya da mobil imzal\u0131 olarak, kay\u0131tl\u0131 elektronik posta adresi veya sistemimizde kay\u0131tl\u0131 elektronik e-posta adresiniz arac\u0131l\u0131\u011f\u0131yla ve\/veya<\/li><li>Kurumumuza hitaben yazd\u0131\u011f\u0131n\u0131z \u201cword veya pdf.\u201d format\u0131ndaki bir dosyay\u0131 g\u00fcvenli\u00a0 \u00a0e-imza ile imzalayarak\u00a0<a href=\"mailto:hi@lattascoffee.com\">hi@lattascoffee.com<\/a>\u00a0e-postas\u0131na konu k\u0131sm\u0131na \u201cKi\u015fisel Verilerin Korunmas\u0131 Kanunu Bilgi Talebi\u201d yazarak iletebilirsiniz.<\/li><\/ul>\n\n\n\n<p>Kanun kapsam\u0131ndaki taleplerinizi,\u00a0Bilgilendirme Formu&#8217;nu doldurarak ve formda belirtilen usullerle taraf\u0131m\u0131za iletmenizi rica ederiz.<\/p>\n","protected":false},"excerpt":{"rendered":"<p>K\u0130\u015e\u0130SEL VER\u0130LER\u0130N \u0130\u015eLENMES\u0130NE \u0130L\u0130\u015eK\u0130N AYDINLATMA METN\u0130 Veri Sorumlusu ve Temsilcisi: 6698 say\u0131l\u0131 Ki\u015fisel Verilerin Korunmas\u0131 Kanunu uyar\u0131nca, ki\u015fisel verileriniz; veri sorumlusu olarak\u00a0MERODDI TUR\u0130ZM VE OTELC\u0130L\u0130K ANON\u0130M \u015e\u0130RKET\u0130\u00a0(\u201c\u015eirketimiz\u201d) taraf\u0131ndan a\u015fa\u011f\u0131da a\u00e7\u0131klanan&hellip;<\/p>\n","protected":false},"author":1,"featured_media":0,"parent":0,"menu_order":0,"comment_status":"closed","ping_status":"closed","template":"","meta":{"inline_featured_image":false,"footnotes":""},"class_list":["post-13628","page","type-page","status-publish","hentry"],"_links":{"self":[{"href":"https:\/\/www.lattascoffee.com\/index.php\/wp-json\/wp\/v2\/pages\/13628"}],"collection":[{"href":"https:\/\/www.lattascoffee.com\/index.php\/wp-json\/wp\/v2\/pages"}],"about":[{"href":"https:\/\/www.lattascoffee.com\/index.php\/wp-json\/wp\/v2\/types\/page"}],"author":[{"embeddable":true,"href":"https:\/\/www.lattascoffee.com\/index.php\/wp-json\/wp\/v2\/users\/1"}],"replies":[{"embeddable":true,"href":"https:\/\/www.lattascoffee.com\/index.php\/wp-json\/wp\/v2\/comments?post=13628"}],"version-history":[{"count":1,"href":"https:\/\/www.lattascoffee.com\/index.php\/wp-json\/wp\/v2\/pages\/13628\/revisions"}],"predecessor-version":[{"id":13629,"href":"https:\/\/www.lattascoffee.com\/index.php\/wp-json\/wp\/v2\/pages\/13628\/revisions\/13629"}],"wp:attachment":[{"href":"https:\/\/www.lattascoffee.com\/index.php\/wp-json\/wp\/v2\/media?parent=13628"}],"curies":[{"name":"wp","href":"https:\/\/api.w.org\/{rel}","templated":true}]}}