{"id":13630,"date":"2021-05-30T12:50:33","date_gmt":"2021-05-30T12:50:33","guid":{"rendered":"http:\/\/www.lattascoffee.com\/?page_id=13630"},"modified":"2021-05-30T12:50:35","modified_gmt":"2021-05-30T12:50:35","slug":"iade-politikasi","status":"publish","type":"page","link":"https:\/\/www.lattascoffee.com\/index.php\/iade-politikasi\/","title":{"rendered":"\u0130ade Politikas\u0131"},"content":{"rendered":"\n<p>Herhangi bir sebeple sat\u0131n ald\u0131\u011f\u0131n\u0131z bir \u00fcr\u00fcn\u00fc be\u011fenmezseniz, bir sebep belirtmeden, bize a\u015fa\u011f\u0131daki ileti\u015fim bilgilerinden ula\u015farak veya ma\u011fazam\u0131za gelerek iade alabilirsiniz. <\/p>\n\n\n\n<p>Serdar-\u0131 Ekrem Caddesi No.29<br>Galata Beyo\u011flu \u0130stanbul<br><a href=\"tel:+902129141728\">+90 212 914 17 28<\/a><br><a href=\"mailto:+hi@lattascoffee.com\">hi@lattascoffee.com<\/a><\/p>\n","protected":false},"excerpt":{"rendered":"<p>Herhangi bir sebeple sat\u0131n ald\u0131\u011f\u0131n\u0131z bir \u00fcr\u00fcn\u00fc be\u011fenmezseniz, bir sebep belirtmeden, bize a\u015fa\u011f\u0131daki ileti\u015fim bilgilerinden ula\u015farak veya ma\u011fazam\u0131za gelerek iade alabilirsiniz. Serdar-\u0131 Ekrem Caddesi No.29Galata Beyo\u011flu \u0130stanbul+90 212 914 17&hellip;<\/p>\n","protected":false},"author":1,"featured_media":0,"parent":0,"menu_order":0,"comment_status":"closed","ping_status":"closed","template":"","meta":{"inline_featured_image":false,"footnotes":""},"class_list":["post-13630","page","type-page","status-publish","hentry"],"_links":{"self":[{"href":"https:\/\/www.lattascoffee.com\/index.php\/wp-json\/wp\/v2\/pages\/13630"}],"collection":[{"href":"https:\/\/www.lattascoffee.com\/index.php\/wp-json\/wp\/v2\/pages"}],"about":[{"href":"https:\/\/www.lattascoffee.com\/index.php\/wp-json\/wp\/v2\/types\/page"}],"author":[{"embeddable":true,"href":"https:\/\/www.lattascoffee.com\/index.php\/wp-json\/wp\/v2\/users\/1"}],"replies":[{"embeddable":true,"href":"https:\/\/www.lattascoffee.com\/index.php\/wp-json\/wp\/v2\/comments?post=13630"}],"version-history":[{"count":1,"href":"https:\/\/www.lattascoffee.com\/index.php\/wp-json\/wp\/v2\/pages\/13630\/revisions"}],"predecessor-version":[{"id":13631,"href":"https:\/\/www.lattascoffee.com\/index.php\/wp-json\/wp\/v2\/pages\/13630\/revisions\/13631"}],"wp:attachment":[{"href":"https:\/\/www.lattascoffee.com\/index.php\/wp-json\/wp\/v2\/media?parent=13630"}],"curies":[{"name":"wp","href":"https:\/\/api.w.org\/{rel}","templated":true}]}}