{"id":13632,"date":"2021-05-30T12:57:02","date_gmt":"2021-05-30T12:57:02","guid":{"rendered":"http:\/\/www.lattascoffee.com\/?page_id=13632"},"modified":"2021-05-30T12:57:04","modified_gmt":"2021-05-30T12:57:04","slug":"uyelik-sozlesmesi","status":"publish","type":"page","link":"https:\/\/www.lattascoffee.com\/index.php\/uyelik-sozlesmesi\/","title":{"rendered":"\u00dcyelik S\u00f6zle\u015fmesi"},"content":{"rendered":"\n<p>\u00dcyelerimizin-M\u00fc\u015fterilerimizin lattascoffee.com sitemize (&#8220;Sitemiz&#8221;) \u00fcyelikleri, vermi\u015f oldu\u011fu bilgilerin gizlili\u011fi, korunmas\u0131, ilgili i\u015flemleri ve Sitemiz&#8217;den sat\u0131\u015flara ili\u015fkin hususlarda a\u015fa\u011f\u0131daki cari esaslar benimsenmi\u015ftir.<\/p>\n\n\n\n<p>Sitemize girilen bilgilerin ve i\u015flemlerin g\u00fcvenli\u011fi i\u00e7in gerekli \u00f6nlemler, bilgi ve i\u015flemin mahiyetine g\u00f6re Meroddi Turizm ve Otelcilik A.\u015e. ve\/veya ilgili Kart Kurulu\u015flar\u0131nca sistem ve internet altyap\u0131s\u0131nda al\u0131nm\u0131\u015ft\u0131r.<\/p>\n\n\n\n<p>T\u00fcm kredi kart\u0131 i\u015flemleri ve onaylar\u0131 taraf\u0131m\u0131zdan ba\u011f\u0131ms\u0131z olarak ilgili Banka ve benzeri Kart Kurulu\u015flar\u0131&#8217;nca online olarak aran\u0131zda ger\u00e7ekle\u015ftirilmektedir (Kredi kart\u0131 \u015fifresi gibi bilgiler Lattas Coffee taraf\u0131nda g\u00f6r\u00fclmez ve kaydedilmez).<\/p>\n\n\n\n<p>M\u00fc\u015fterilerimizin Sitemize \u00fcyelik, \u00fcr\u00fcn\/hizmet sat\u0131n alma ve bilgi g\u00fcncelleme ama\u00e7l\u0131 girdikleri bilgiler, \u00f6zellikle kredi kart\u0131 ve banka kartlar\u0131na ait gizli bilgiler di\u011fer internet kullan\u0131c\u0131lar\u0131 taraf\u0131ndan g\u00f6r\u00fcnt\u00fclenemez.<\/p>\n\n\n\n<p>\u00dcyelerimize-M\u00fc\u015fterilerimize ait bilgiler yasal d\u00fczenlemelerin \u00f6ng\u00f6rd\u00fc\u011f\u00fc sorumluluklar\u0131m\u0131z \u00e7er\u00e7evesinde ilgili kurulu\u015flara a\u00e7\u0131klanabilir. Ayr\u0131ca \u00fcyelikleri ve\/veya al\u0131\u015fveri\u015fleri s\u0131ras\u0131nda vermi\u015f olduklar\u0131 ileti\u015fim bilgileri ve di\u011fer bilgiler Sitemize \u00fcyelik i\u015flemlerinizin yap\u0131lmas\u0131, g\u00fcncellenmesi, muhtelif \u00fcr\u00fcn\/hizmetlerinLattas Coffee ile i\u015f ortaklar\u0131 ve tedarik\u00e7ileri taraf\u0131ndan verilebilmesi\/sat\u0131m\u0131, \u00fcr\u00fcn\/hizmet \u00fccret-masraf\u0131 tahsilatlar\u0131 ve \u00e7e\u015fitli tan\u0131t\u0131m, reklam, promosyon, ileti\u015fim, sat\u0131\u015f ve kartland\u0131rma uygulamalar\u0131 i\u00e7in s\u00fcresiz olarak kayda al\u0131nabilir, Lattas Coffee ve belirtilen kurulu\u015flar nezdinde saklanabilir, i\u015flenebilir, gerekli g\u00f6r\u00fclen hallerde-yerlerde payla\u015f\u0131labilir ve kullan\u0131labilir.<\/p>\n\n\n\n<p>Sitemizden sat\u0131n al\u0131nan \u00fcr\u00fcnler sadece Sitemize iade edilebilir.<\/p>\n\n\n\n<p>Kullan\u0131lm\u0131\u015f \u00fcr\u00fcnler iade al\u0131nmaz, ancak herhangi bir sebep belirtmeksizin para iadesi alabilirsiniz. <\/p>\n\n\n\n<p>M\u00fc\u015fterilerimizin \u00f6zel istek ve talepleri uyar\u0131nca \u00fcretilen veya \u00fczerinde de\u011fi\u015fiklik ya da ilaveler yap\u0131larak ki\u015fiye \u00f6zel hale getirilen ya da niteli\u011fi itibariyle iade edilemeyecek, h\u0131zla bozulma veya son kullanma tarihi ge\u00e7me ihtimali olan bir \u00fcr\u00fcn s\u00f6z konusu oldu\u011funda ve genel olarak \u00fcr\u00fcn kullan\u0131ld\u0131\u011f\u0131nda ya da kullan\u0131lmam\u0131\u015f olsa dahi \u00fcr\u00fcnler ambalaj\u0131ndan \u00e7\u0131kar\u0131ld\u0131\u011f\u0131nda; m\u00fc\u015fterilerimiz cayma hakk\u0131n\u0131 kullanamaz.<\/p>\n\n\n\n<p>\u0130ade edilecek \u00fcr\u00fcnler i\u00e7in fatura ibraz etmek zorunludur.<br>Sitemizden sat\u0131n al\u0131nan \u00fcr\u00fcnler i\u00e7in \u00f6deme sadece kredi kart\u0131yla ve Sitemiz\u2019de belirtilen di\u011fer y\u00f6ntemler ile yap\u0131labilir.<\/p>\n\n\n\n<p>Sitemizden sadece T\u00fcrkiye Cumhuriyeti s\u0131n\u0131rlar\u0131 i\u00e7erisine g\u00f6nderim yap\u0131lmaktad\u0131r.<br>Sitemiz \u00fcyeli\u011finden ayr\u0131lmak i\u00e7in lattascoffee.com\u2019un g\u00f6nderdi\u011fi t\u00fcm e-postalarda yer alan \u201c\u00fcyelikten ayr\u0131l\u201d linkini kullanabilirsiniz.<\/p>\n\n\n\n<p>Sitemiz\u2019den al\u0131\u015fveri\u015flerinizde her i\u015flem s\u0131ras\u0131nda g\u00f6rece\u011finiz ilgili sipari\u015f \u00f6n bilgilendirme formu-sat\u0131\u015f s\u00f6zle\u015fmesi de ge\u00e7erli olacakt\u0131r.<\/p>\n\n\n\n<p>Ek bilgi almak istedi\u011finiz konularda Sitemiz\u2019de belirtilen ileti\u015fim yollar\u0131 ile Lattas Coffee\u2019ye dan\u0131\u015fabilirsiniz.<\/p>\n\n\n\n<p>Meroddi Turizm ve Otelcilik A.\u015e. Yukar\u0131daki esaslar\u0131 \u00dcye-M\u00fc\u015fteri olarak benimsiyor ve \u0130nternet sitenizin formunda belirtti\u011fim ki\u015fisel ve di\u011fer bilgilerimin \u015eirketiniz ile Meroddi Turizm ve Otelcilik A.\u015e., mevcut ve ilerideki i\u015ftirakleri, ba\u011fl\u0131 \u015firketleri, ortaklar\u0131, halefleri ve\/veya bunlar\u0131n belirleyecekleri \u00fc\u00e7\u00fcnc\u00fc ki\u015filer-kurulu\u015flar taraf\u0131ndan her t\u00fcrl\u00fc tan\u0131t\u0131m, reklam, promosyon, ileti\u015fim, sat\u0131\u015f, pazarlama, ma\u011faza kart\u0131, kredi kart\u0131 ve \u00fcyelik uygulamalar\u0131 i\u00e7in s\u00fcresiz olarak veya \u00f6ng\u00f6recekleri s\u00fcre ile kaydedilmesine, yaz\u0131l\u0131\/manyetik ar\u015fivlerde tutulmas\u0131na, muhafazas\u0131na, i\u015flenmesine, g\u00fcncellenmesine, payla\u015f\u0131lmas\u0131na, transferine ve kullan\u0131lmas\u0131na izin veriyorum.<\/p>\n","protected":false},"excerpt":{"rendered":"<p>\u00dcyelerimizin-M\u00fc\u015fterilerimizin lattascoffee.com sitemize (&#8220;Sitemiz&#8221;) \u00fcyelikleri, vermi\u015f oldu\u011fu bilgilerin gizlili\u011fi, korunmas\u0131, ilgili i\u015flemleri ve Sitemiz&#8217;den sat\u0131\u015flara ili\u015fkin hususlarda a\u015fa\u011f\u0131daki cari esaslar benimsenmi\u015ftir. Sitemize girilen bilgilerin ve i\u015flemlerin g\u00fcvenli\u011fi i\u00e7in gerekli \u00f6nlemler,&hellip;<\/p>\n","protected":false},"author":1,"featured_media":0,"parent":0,"menu_order":0,"comment_status":"closed","ping_status":"closed","template":"","meta":{"inline_featured_image":false,"footnotes":""},"class_list":["post-13632","page","type-page","status-publish","hentry"],"_links":{"self":[{"href":"https:\/\/www.lattascoffee.com\/index.php\/wp-json\/wp\/v2\/pages\/13632"}],"collection":[{"href":"https:\/\/www.lattascoffee.com\/index.php\/wp-json\/wp\/v2\/pages"}],"about":[{"href":"https:\/\/www.lattascoffee.com\/index.php\/wp-json\/wp\/v2\/types\/page"}],"author":[{"embeddable":true,"href":"https:\/\/www.lattascoffee.com\/index.php\/wp-json\/wp\/v2\/users\/1"}],"replies":[{"embeddable":true,"href":"https:\/\/www.lattascoffee.com\/index.php\/wp-json\/wp\/v2\/comments?post=13632"}],"version-history":[{"count":1,"href":"https:\/\/www.lattascoffee.com\/index.php\/wp-json\/wp\/v2\/pages\/13632\/revisions"}],"predecessor-version":[{"id":13633,"href":"https:\/\/www.lattascoffee.com\/index.php\/wp-json\/wp\/v2\/pages\/13632\/revisions\/13633"}],"wp:attachment":[{"href":"https:\/\/www.lattascoffee.com\/index.php\/wp-json\/wp\/v2\/media?parent=13632"}],"curies":[{"name":"wp","href":"https:\/\/api.w.org\/{rel}","templated":true}]}}