{"id":240,"date":"2017-06-07T14:30:24","date_gmt":"2017-06-07T14:30:24","guid":{"rendered":"https:\/\/demo.uix.store\/sober-furniture\/?page_id=240"},"modified":"2023-03-18T13:02:13","modified_gmt":"2023-03-18T13:02:13","slug":"about-us","status":"publish","type":"page","link":"https:\/\/www.lattascoffee.com\/index.php\/about-us\/","title":{"rendered":"Hikayemiz"},"content":{"rendered":"\t\t<div data-elementor-type=\"wp-page\" data-elementor-id=\"240\" class=\"elementor elementor-240\">\n\t\t\t\t\t\t<section class=\"elementor-section elementor-top-section elementor-element elementor-element-63e6 elementor-section-boxed elementor-section-height-default elementor-section-height-default\" data-id=\"63e6\" data-element_type=\"section\">\n\t\t\t\t\t\t<div class=\"elementor-container elementor-column-gap-default\">\n\t\t\t\t\t<div class=\"elementor-column elementor-col-100 elementor-top-column elementor-element elementor-element-3241\" data-id=\"3241\" data-element_type=\"column\">\n\t\t\t<div class=\"elementor-widget-wrap elementor-element-populated\">\n\t\t\t\t\t\t<div class=\"elementor-element elementor-element-74b elementor-widget elementor-widget-heading\" data-id=\"74b\" data-element_type=\"widget\" data-widget_type=\"heading.default\">\n\t\t\t\t<div class=\"elementor-widget-container\">\n\t\t\t<h4 class=\"elementor-heading-title elementor-size-default\">Evinizi an\u0131msay\u0131n, \u00e7ocuklu\u011funuzun tatlar\u0131n\u0131 hat\u0131rlay\u0131n, Galata'n\u0131n tarihi atmosferini ke\u015ffedin!<\/h4>\t\t<\/div>\n\t\t\t\t<\/div>\n\t\t\t\t<div class=\"elementor-element elementor-element-2528 elementor-widget elementor-widget-text-editor\" data-id=\"2528\" data-element_type=\"widget\" data-widget_type=\"text-editor.default\">\n\t\t\t\t<div class=\"elementor-widget-container\">\n\t\t\t\t\t\t\t<p dir=\"ltr\" style=\"line-height: 1.38; margin-top: 0pt; margin-bottom: 0pt;\"><span style=\"background-color: transparent; color: #434343; font-family: Poppins; font-size: 11.5pt; white-space: pre-wrap;\">Coffee &amp; Kitchen konseptiyle, geni\u015f bir kahve se\u00e7kisi ve g\u00fcn\u00fcn her saatine <\/span><span style=\"background-color: transparent; color: #434343; font-family: Poppins; font-size: 11.5pt; white-space: pre-wrap;\">e\u015flik edebilecek butik bir yiyecek men\u00fcs\u00fc sunuyoruz.\u00a0 <\/span><\/p><p dir=\"ltr\" style=\"line-height: 1.38; margin-top: 0pt; margin-bottom: 0pt;\"><span style=\"background-color: transparent; color: #434343; font-family: Poppins; font-size: 11.5pt; white-space: pre-wrap;\">\u00a0<\/span><\/p><p dir=\"ltr\" style=\"line-height: 1.38; margin-top: 0pt; margin-bottom: 0pt;\"><span style=\"background-color: transparent; color: #434343; font-family: Poppins; font-size: 11.5pt; white-space: pre-wrap;\">Sabah kahvalt\u0131lar\u0131ndan, \u00f6\u011fle &amp; ak\u015fam yeme\u011fine, sa\u011fl\u0131kl\u0131 tatlardan, vegan &amp; vejetaryen se\u00e7eneklere, \u00f6zel olarak haz\u0131rlanan f\u0131r\u0131n &amp; tatl\u0131 lezzetlerine kadar uzanan men\u00fcm\u00fcz ile Galata\u2019da, tarihi Do\u011fan Apartman\u0131&#8217;n\u0131n tam kar\u015f\u0131s\u0131nday\u0131z. Galata&#8217;daki eviniz olaca\u011f\u0131z diyemeyiz ama evinizi an\u0131msataca\u011f\u0131m\u0131za s\u00f6z verebiliriz. \ud83d\ude42<\/span><\/p><p dir=\"ltr\" style=\"line-height: 1.38; margin-top: 0pt; margin-bottom: 0pt;\"><b style=\"font-size: 15.3333px; white-space: pre-wrap; color: #434343; font-family: Poppins;\">\u00a0<\/b><span style=\"background-color: transparent; color: #434343; font-family: Poppins; font-size: 11.5pt; white-space: pre-wrap;\">\u00a0<\/span><\/p><p dir=\"ltr\" style=\"line-height: 1.38; margin-top: 0pt; margin-bottom: 0pt;\"><span style=\"font-size: 11.5pt; font-family: Poppins; color: #434343; background-color: transparent; font-variant-numeric: normal; font-variant-east-asian: normal; vertical-align: baseline; white-space: pre-wrap;\">Lattas Coffee&#8217;de sizi sadece \u00f6zel bir men\u00fc de\u011fil ayn\u0131 zamanda tarihi bir yolculuk bekliyor.<\/span><\/p>\t\t\t\t\t\t<\/div>\n\t\t\t\t<\/div>\n\t\t\t\t\t<\/div>\n\t\t<\/div>\n\t\t\t\t\t<\/div>\n\t\t<\/section>\n\t\t\t\t<section class=\"elementor-section elementor-top-section elementor-element elementor-element-5872 elementor-section-boxed elementor-section-height-default elementor-section-height-default\" data-id=\"5872\" data-element_type=\"section\">\n\t\t\t\t\t\t<div class=\"elementor-container elementor-column-gap-default\">\n\t\t\t\t\t<div class=\"elementor-column elementor-col-100 elementor-top-column elementor-element elementor-element-317d\" data-id=\"317d\" data-element_type=\"column\">\n\t\t\t<div class=\"elementor-widget-wrap elementor-element-populated\">\n\t\t\t\t\t\t<div class=\"elementor-element elementor-element-4d27 elementor-widget elementor-widget-sober-section-heading\" data-id=\"4d27\" data-element_type=\"widget\" data-widget_type=\"sober-section-heading.default\">\n\t\t\t\t<div class=\"elementor-widget-container\">\n\t\t\t<h2 class=\"sober-section-heading sober-section-heading--default sober-section-header--align-center\"><span class=\"sober-section-heading__title\">Coffee &amp; Kitchen<\/span><\/h2>\t\t<\/div>\n\t\t\t\t<\/div>\n\t\t\t\t<div class=\"elementor-element elementor-element-6bd4 elementor-widget elementor-widget-sober-icon-box-carousel\" data-id=\"6bd4\" data-element_type=\"widget\" data-settings=\"{&quot;items_to_show&quot;:&quot;5&quot;,&quot;items_to_show_tablet&quot;:2,&quot;items_to_show_mobile&quot;:1}\" data-widget_type=\"sober-icon-box-carousel.default\">\n\t\t\t\t<div class=\"elementor-widget-container\">\n\t\t\t\t\t<div class=\"sober-icon-box-carousel\">\n\t\t\t\t\t\t\t\t\t\t\t<div class=\"sober-icon-box sober-icon-box-carousel__box icon-type-image icon-style-normal elementor-repeater-item-956b71d\">\n\t\t\t\t\t<div class=\"sober-icon-box__icon box-icon\">\n\t\t\t\t\t\t<img decoding=\"async\" alt=\"Kahve\" src=\"http:\/\/www.lattascoffee.com\/wp-content\/uploads\/2021\/02\/website_lattas_coffee_icon.svg\">\t\t\t\t\t<\/div>\n\t\t\t\t\t<h3 class=\"sober-icon-box__title box-title\">Kahve<\/h3>\n\t\t\t\t\t<div class=\"sober-icon-box__content box-content\"><\/div>\n\t\t\t\t<\/div>\n\t\t\t\t\t\t\t\t\t\t\t<div class=\"sober-icon-box sober-icon-box-carousel__box icon-type-image icon-style-normal elementor-repeater-item-e16e4ef\">\n\t\t\t\t\t<div class=\"sober-icon-box__icon box-icon\">\n\t\t\t\t\t\t<img decoding=\"async\" alt=\"Kahvalt\u0131\" src=\"http:\/\/www.lattascoffee.com\/wp-content\/uploads\/2021\/02\/lattasbreakfasticon.svg\">\t\t\t\t\t<\/div>\n\t\t\t\t\t<h3 class=\"sober-icon-box__title box-title\">Kahvalt\u0131<\/h3>\n\t\t\t\t\t<div class=\"sober-icon-box__content box-content\"><\/div>\n\t\t\t\t<\/div>\n\t\t\t\t\t\t\t\t\t\t\t<div class=\"sober-icon-box sober-icon-box-carousel__box icon-type-image icon-style-normal elementor-repeater-item-130a56c\">\n\t\t\t\t\t<div class=\"sober-icon-box__icon box-icon\">\n\t\t\t\t\t\t<img decoding=\"async\" alt=\"Tatl\u0131lar\" src=\"http:\/\/www.lattascoffee.com\/wp-content\/uploads\/2021\/02\/lattasfiticon.svg\">\t\t\t\t\t<\/div>\n\t\t\t\t\t<h3 class=\"sober-icon-box__title box-title\">Tatl\u0131lar<\/h3>\n\t\t\t\t\t<div class=\"sober-icon-box__content box-content\"><\/div>\n\t\t\t\t<\/div>\n\t\t\t\t\t\t\t\t\t\t\t<div class=\"sober-icon-box sober-icon-box-carousel__box icon-type-image icon-style-normal elementor-repeater-item-ece25bc\">\n\t\t\t\t\t<div class=\"sober-icon-box__icon box-icon\">\n\t\t\t\t\t\t<img decoding=\"async\" alt=\"Vegan\" src=\"http:\/\/www.lattascoffee.com\/wp-content\/uploads\/2021\/02\/lattasveganicon.svg\">\t\t\t\t\t<\/div>\n\t\t\t\t\t<h3 class=\"sober-icon-box__title box-title\">Vegan<\/h3>\n\t\t\t\t\t<div class=\"sober-icon-box__content box-content\"><\/div>\n\t\t\t\t<\/div>\n\t\t\t\t\t\t\t\t\t\t\t<div class=\"sober-icon-box sober-icon-box-carousel__box icon-type-image icon-style-normal elementor-repeater-item-b37d04a\">\n\t\t\t\t\t<div class=\"sober-icon-box__icon box-icon\">\n\t\t\t\t\t\t<img decoding=\"async\" alt=\"F\u0131r\u0131ndan\" src=\"http:\/\/www.lattascoffee.com\/wp-content\/uploads\/2021\/02\/lattasfirinicon.svg\">\t\t\t\t\t<\/div>\n\t\t\t\t\t<h3 class=\"sober-icon-box__title box-title\">F\u0131r\u0131ndan<\/h3>\n\t\t\t\t\t<div class=\"sober-icon-box__content box-content\"><\/div>\n\t\t\t\t<\/div>\n\t\t\t\t\t<\/div>\n\t\t\t\t<\/div>\n\t\t\t\t<\/div>\n\t\t\t\t\t<\/div>\n\t\t<\/div>\n\t\t\t\t\t<\/div>\n\t\t<\/section>\n\t\t\t\t<section class=\"elementor-section elementor-top-section elementor-element elementor-element-616c elementor-section-stretched elementor-section-boxed elementor-section-height-default elementor-section-height-default\" data-id=\"616c\" data-element_type=\"section\" data-settings=\"{&quot;stretch_section&quot;:&quot;section-stretched&quot;,&quot;background_background&quot;:&quot;classic&quot;}\">\n\t\t\t\t\t\t<div class=\"elementor-container elementor-column-gap-default\">\n\t\t\t\t\t<div class=\"elementor-column elementor-col-33 elementor-top-column elementor-element elementor-element-14c3\" data-id=\"14c3\" data-element_type=\"column\">\n\t\t\t<div class=\"elementor-widget-wrap elementor-element-populated\">\n\t\t\t\t\t\t<div class=\"elementor-element elementor-element-6b76574 elementor-widget elementor-widget-image\" data-id=\"6b76574\" data-element_type=\"widget\" data-widget_type=\"image.default\">\n\t\t\t\t<div class=\"elementor-widget-container\">\n\t\t\t\t\t\t\t\t\t\t\t\t\t<img decoding=\"async\" src=\"https:\/\/www.lattascoffee.com\/wp-content\/uploads\/2021\/05\/lattas-outdoor-937x1171.jpg\" title=\"Processed with VSCO with j5 preset Processed with VSCO with a4 preset\" alt=\"Processed with VSCO with j5 preset Processed with VSCO with a4 preset\" loading=\"lazy\" \/>\t\t\t\t\t\t\t\t\t\t\t\t\t<\/div>\n\t\t\t\t<\/div>\n\t\t\t\t\t<\/div>\n\t\t<\/div>\n\t\t\t\t<div class=\"elementor-column elementor-col-66 elementor-top-column elementor-element elementor-element-3a1f\" data-id=\"3a1f\" data-element_type=\"column\">\n\t\t\t<div class=\"elementor-widget-wrap elementor-element-populated\">\n\t\t\t\t\t\t<div class=\"elementor-element elementor-element-6879 elementor-widget elementor-widget-text-editor\" data-id=\"6879\" data-element_type=\"widget\" data-widget_type=\"text-editor.default\">\n\t\t\t\t<div class=\"elementor-widget-container\">\n\t\t\t\t\t\t\t<p>Lattas Coffee ismini, Osmanl\u0131 d\u00f6neminde Serdar-\u0131 Ekrem (\u015fimdiki genelkurmay ba\u015fkan\u0131) r\u00fctbesi ile g\u00f6rev alan \u00d6mer L\u00fctfi Lattas Pa\u015fa&#8217;n\u0131n Hristiyan isminden al\u0131yor. S\u0131rp Ortodoks bir Hristiyan olarak Avusturya topraklar\u0131nda d\u00fcnyaya gelen\u00a0<strong>Michael Lattas<\/strong>, 1827&#8217;de Osmanl\u0131 Bosna&#8217;s\u0131na ka\u00e7t\u0131. \u00d6mer L\u00fctfi ad\u0131n\u0131 alarak M\u00fcsl\u00fcman oldu ve orduya kat\u0131ld\u0131, bu s\u00fcre\u00e7te imparatorluk kar\u015f\u0131t\u0131 pek \u00e7ok isyan\u0131n bast\u0131r\u0131lmas\u0131nda aktif g\u00f6rev al\u0131rken, K\u0131r\u0131m Sava\u015f\u0131&#8217;nda da \u00f6nemli zaferler kazand\u0131. B\u00f6ylelikle Osmanl\u0131 ordusunun ba\u015f\u0131na Serdar-\u0131 Ekrem olarak ge\u00e7me \u015fans\u0131n\u0131 buldu.<\/p><p>Lattas Coffee&#8217;nin\u00a0 yer ald\u0131\u011f\u0131 cadde, 20. y\u00fczy\u0131lda \u00d6mer L\u00fctfi Pa\u015fa&#8217;n\u0131n an\u0131s\u0131na Serdar-\u0131 Ekrem Caddesi ad\u0131n\u0131 alm\u0131\u015ft\u0131r.<\/p>\t\t\t\t\t\t<\/div>\n\t\t\t\t<\/div>\n\t\t\t\t\t<\/div>\n\t\t<\/div>\n\t\t\t\t\t<\/div>\n\t\t<\/section>\n\t\t\t\t<\/div>\n\t\t","protected":false},"excerpt":{"rendered":"<p>Evinizi an\u0131msay\u0131n, \u00e7ocuklu\u011funuzun tatlar\u0131n\u0131 hat\u0131rlay\u0131n, Galata&#8217;n\u0131n tarihi atmosferini ke\u015ffedin! Coffee &amp; Kitchen konseptiyle, geni\u015f bir kahve se\u00e7kisi ve g\u00fcn\u00fcn her saatine e\u015flik edebilecek butik bir yiyecek men\u00fcs\u00fc sunuyoruz.\u00a0 \u00a0 Sabah&hellip;<\/p>\n","protected":false},"author":1,"featured_media":0,"parent":0,"menu_order":0,"comment_status":"closed","ping_status":"closed","template":"","meta":{"inline_featured_image":false,"footnotes":""},"class_list":["post-240","page","type-page","status-publish","hentry"],"_links":{"self":[{"href":"https:\/\/www.lattascoffee.com\/index.php\/wp-json\/wp\/v2\/pages\/240"}],"collection":[{"href":"https:\/\/www.lattascoffee.com\/index.php\/wp-json\/wp\/v2\/pages"}],"about":[{"href":"https:\/\/www.lattascoffee.com\/index.php\/wp-json\/wp\/v2\/types\/page"}],"author":[{"embeddable":true,"href":"https:\/\/www.lattascoffee.com\/index.php\/wp-json\/wp\/v2\/users\/1"}],"replies":[{"embeddable":true,"href":"https:\/\/www.lattascoffee.com\/index.php\/wp-json\/wp\/v2\/comments?post=240"}],"version-history":[{"count":137,"href":"https:\/\/www.lattascoffee.com\/index.php\/wp-json\/wp\/v2\/pages\/240\/revisions"}],"predecessor-version":[{"id":13677,"href":"https:\/\/www.lattascoffee.com\/index.php\/wp-json\/wp\/v2\/pages\/240\/revisions\/13677"}],"wp:attachment":[{"href":"https:\/\/www.lattascoffee.com\/index.php\/wp-json\/wp\/v2\/media?parent=240"}],"curies":[{"name":"wp","href":"https:\/\/api.w.org\/{rel}","templated":true}]}}